{"id":2,"date":"2016-12-02T16:07:47","date_gmt":"2016-12-02T16:07:47","guid":{"rendered":"http:\/\/flightspermit.com\/?page_id=2"},"modified":"2020-10-21T09:12:07","modified_gmt":"2020-10-21T09:12:07","slug":"sample-page","status":"publish","type":"page","link":"https:\/\/flightspermits.com\/","title":{"rendered":"Home 1"},"content":{"rendered":"<p>[vc_row full_width=&#8221;stretch_row_content_no_spaces&#8221; equal_height=&#8221;yes&#8221;][vc_column][rev_slider_vc alias=&#8221;slider1&#8243;][\/vc_column][\/vc_row][vc_row full_width=&#8221;stretch_row&#8221; equal_height=&#8221;yes&#8221; css=&#8221;.vc_custom_1603269596059{background-image: url(http:\/\/flightspermit.com\/wp-content\/uploads\/2020\/10\/FutureofAirplanes.jpg?id=1395) !important;}&#8221;][vc_column width=&#8221;1\/6&#8243;][vc_empty_space height=&#8221;8px&#8221; alter_height=&#8221;superhuge&#8221; hide_on_mobile=&#8221;&#8221; css=&#8221;.vc_custom_1603228225339{margin-bottom: 0.2rem !important;}&#8221;][\/vc_column][vc_column width=&#8221;2\/3&#8243;][vc_empty_space height=&#8221;16px&#8221; alter_height=&#8221;superhuge&#8221; hide_on_mobile=&#8221;&#8221; css=&#8221;.vc_custom_1603228015616{margin-bottom: 0.2rem !important;}&#8221;][vc_column_text css_animation=&#8221;bounceIn&#8221;]<\/p>\n<h6><span style=\"color: #c59641;\">Permis de survol et d&#8217;atterrissage<\/span><\/h6>\n<p>Chaque pays a ses propres r\u00e8gles, r\u00e8glements et proc\u00e9dures d&#8217;octroi de permis aux a\u00e9ronefs souhaitant atterrir ou m\u00eame p\u00e9n\u00e9trer dans leur espace a\u00e9rien, les proc\u00e9dures de demande exigeant des informations de vol compl\u00e8tes, des documents importants et plusieurs autres formalit\u00e9s. Cependant, que vous effectuiez un vol priv\u00e9 ou charter, une op\u00e9ration planifi\u00e9e ou non, un voyage de passagers ou de fret, un atterrissage technique ou de trafic, nous pouvons s\u00e9curiser rapidement et de mani\u00e8re transparente tous les permis de survol et d&#8217;atterrissage requis pour assurer le bon d\u00e9roulement de votre vol et \u00e0 temps.[\/vc_column_text][vc_empty_space height=&#8221;8px&#8221; alter_height=&#8221;superhuge&#8221; hide_on_mobile=&#8221;&#8221; css=&#8221;.vc_custom_1603228225339{margin-bottom: 0.2rem !important;}&#8221;][\/vc_column][vc_column width=&#8221;1\/6&#8243;][vc_empty_space height=&#8221;8px&#8221; alter_height=&#8221;superhuge&#8221; hide_on_mobile=&#8221;&#8221; css=&#8221;.vc_custom_1603228225339{margin-bottom: 0.2rem !important;}&#8221;][\/vc_column][\/vc_row][vc_row full_width=&#8221;stretch_row&#8221; equal_height=&#8221;yes&#8221; scheme=&#8221;dark&#8221; css=&#8221;.vc_custom_1603268769431{background-color: #666666 !important;}&#8221;][vc_column css_animation=&#8221;bounceIn&#8221; width=&#8221;1\/6&#8243;][\/vc_column][vc_column width=&#8221;2\/3&#8243;][vc_empty_space height=&#8221;16px&#8221; alter_height=&#8221;superhuge&#8221; hide_on_mobile=&#8221;&#8221; css=&#8221;.vc_custom_1603270011505{margin-bottom: 0.2rem !important;}&#8221;][vc_column_text css_animation=&#8221;bounceIn&#8221; scheme=&#8221;dark&#8221;]Au fil des ans, nous avons \u00e9tabli des relations solides avec des milliers de contacts locaux \u00e0 travers les autorit\u00e9s de l&#8217;aviation civile des AAC \u00e0 travers le monde et nous nous sommes sp\u00e9cialis\u00e9s en Afrique jusqu&#8217;\u00e0 ce que nous ne soyons pas en mesure de rivaliser avec nous pour obtenir un permis de comt\u00e9 africain. Notre \u00e9quipe, avec sa vaste exp\u00e9rience dans le secteur des services de vol et sa connaissance actualis\u00e9e des derni\u00e8res proc\u00e9dures de d\u00e9livrance de permis, se consacre 24 heures sur 24 et 7 jours sur 7 \u00e0 l&#8217;obtention de permis de survol et d&#8217;atterrissage pour vos avions dans le monde entier de mani\u00e8re rapide et efficace. , quelles que soient les demandes de pr\u00e9avis, les modifications de derni\u00e8re minute ou les demandes de traitement d&#8217;urgence.<\/p>\n<p>De plus, si votre vol op\u00e8re pour le compte du gouvernement, de l&#8217;arm\u00e9e ou des chefs d&#8217;\u00c9tat, nous avons d\u00e9velopp\u00e9 une exp\u00e9rience exceptionnelle de 15 ans dans la garantie des permis diplomatiques conform\u00e9ment aux protocoles souvent stricts.[\/vc_column_text][\/vc_column][vc_column width=&#8221;1\/6&#8243;][\/vc_column][\/vc_row][vc_row full_width=&#8221;stretch_row&#8221; equal_height=&#8221;yes&#8221; scheme=&#8221;dark&#8221; css=&#8221;.vc_custom_1603268769431{background-color: #666666 !important;}&#8221;][vc_column css_animation=&#8221;bounceIn&#8221; width=&#8221;1\/2&#8243;][vc_empty_space height=&#8221;64px&#8221; alter_height=&#8221;superhuge&#8221; hide_on_mobile=&#8221;&#8221; css=&#8221;.vc_custom_1603228267475{margin-bottom: 0.2rem !important;}&#8221;][vc_single_image image=&#8221;1381&#8243; img_size=&#8221;full&#8221; alignment=&#8221;center&#8221; style=&#8221;vc_box_shadow_3d&#8221; onclick=&#8221;img_link_large&#8221; css_animation=&#8221;fadeIn&#8221;][\/vc_column][vc_column width=&#8221;1\/2&#8243;][vc_empty_space height=&#8221;64px&#8221; alter_height=&#8221;superhuge&#8221; hide_on_mobile=&#8221;&#8221; css=&#8221;.vc_custom_1603228267475{margin-bottom: 0.2rem !important;}&#8221;][vc_single_image image=&#8221;1383&#8243; img_size=&#8221;full&#8221; alignment=&#8221;center&#8221; style=&#8221;vc_box_shadow_3d&#8221; onclick=&#8221;img_link_large&#8221; css_animation=&#8221;fadeIn&#8221;][\/vc_column][\/vc_row][vc_row equal_height=&#8221;yes&#8221;][vc_column width=&#8221;1\/2&#8243;][vc_empty_space height=&#8221;64px&#8221; alter_height=&#8221;superhuge&#8221; hide_on_mobile=&#8221;&#8221; css=&#8221;.vc_custom_1603271147407{margin-bottom: 0.2rem !important;}&#8221;][vc_column_text css_animation=&#8221;bounceIn&#8221;]<strong>Op\u00e9rant 24\/7\/365 \u00e0 partir de nos multiples centres de contr\u00f4le des op\u00e9rations de haute technologie bas\u00e9s en Afrique, nous vous fournissons les services suivants:<\/strong><\/p>\n<ul>\n<li>\u00a0Permis de survol et d&#8217;atterrissage \u00e0 court pr\u00e9avis (saisonniers et ad hoc).<\/li>\n<li>\u00a0Orientation et coordination pour les permis diplomatiques.<\/li>\n<li>\u00a0Autorisations militaires et civiles.<\/li>\n<li>\u00a0Autorisation pr\u00e9alable requise \u00abPPR\u00bb.<\/li>\n<li>\u00a0Emplacements d&#8217;a\u00e9roport \u00absaisonniers et ad hoc\u00bb.<\/li>\n<li>\u00a0Droits de trafic.<\/li>\n<li>\u00a0Permis programm\u00e9s et bloqu\u00e9s.<\/li>\n<li>\u00a0Orientation et coordination pour les permis diplomatiques.<\/li>\n<li>\u00a0Permis d&#8217;exploitation sp\u00e9ciaux.<\/li>\n<li>\u00a0Droits de trafic et certificats d&#8217;exploitant a\u00e9rien \u00e9tranger.<\/li>\n<li>Plan de vol.<\/li>\n<li>Permis de survol et d&#8217;atterrissage.<\/li>\n<li>Manutention au sol.<\/li>\n<li>Rampe et Hangar.<\/li>\n<li>Les passagers.<\/li>\n<li>Cargaison et courrier.<\/li>\n<li>Traiteur de vol.<\/li>\n<\/ul>\n<p>[\/vc_column_text][\/vc_column][vc_column width=&#8221;1\/2&#8243;][vc_empty_space height=&#8221;8px&#8221; alter_height=&#8221;superhuge&#8221; hide_on_mobile=&#8221;&#8221; css=&#8221;.vc_custom_1603270950166{margin-bottom: 0.2rem !important;}&#8221;][vc_single_image image=&#8221;1398&#8243; img_size=&#8221;large&#8221; alignment=&#8221;center&#8221; style=&#8221;vc_box_shadow_3d&#8221; onclick=&#8221;img_link_large&#8221; css_animation=&#8221;fadeIn&#8221;][vc_single_image image=&#8221;1399&#8243; img_size=&#8221;large&#8221; alignment=&#8221;center&#8221; style=&#8221;vc_box_shadow_3d&#8221; onclick=&#8221;img_link_large&#8221; css_animation=&#8221;fadeIn&#8221;][\/vc_column][\/vc_row][vc_row][vc_column]<div class=\"sc_layouts sc_layouts_default sc_layouts_798\">[vc_row full_width=\"stretch_row\" css=\".vc_custom_1603271830501{background-color: #c59641 !important;}\"][vc_column icons_position=\"left\"][vc_empty_space alter_height=\"medium\" hide_on_mobile=\"\" css=\".vc_custom_1486997360019{margin-bottom: -0.3rem !important;}\"]<div class=\"sc_layouts_item\"><div id=\"sc_title_1120024815\"\r\n\t\tclass=\"scheme_dark sc_title sc_title_default\"><h4 class=\"sc_item_title sc_title_title sc_align_center sc_item_title_style_default sc_item_title_tag\">Recevez notre courriel mensuel<\/h4><\/div><!-- \/.sc_title --><\/div>[vc_empty_space hide_on_mobile=\"\" css=\".vc_custom_1486997423485{margin-bottom: 0.35rem !important;}\"][vc_column_text scheme=\"dark\"]<script>(function() {\n\twindow.mc4wp = window.mc4wp || {\n\t\tlisteners: [],\n\t\tforms: {\n\t\t\ton: function(evt, cb) {\n\t\t\t\twindow.mc4wp.listeners.push(\n\t\t\t\t\t{\n\t\t\t\t\t\tevent   : evt,\n\t\t\t\t\t\tcallback: cb\n\t\t\t\t\t}\n\t\t\t\t);\n\t\t\t}\n\t\t}\n\t}\n})();\n<\/script><!-- Mailchimp for WordPress v4.8.7 - https:\/\/wordpress.org\/plugins\/mailchimp-for-wp\/ --><form id=\"mc4wp-form-1\" class=\"mc4wp-form mc4wp-form-660\" method=\"post\" data-id=\"660\" data-name=\"Form\" ><div class=\"mc4wp-form-fields\"><input type=\"email\" name=\"EMAIL\" placeholder=\"entrez votre adresse\" required \/>\r\n<input type=\"submit\" value=\"soumettre\" \/>\r\n\r\n<\/div><label style=\"display: none !important;\">Leave this field empty if you're human: <input type=\"text\" name=\"_mc4wp_honeypot\" value=\"\" tabindex=\"-1\" autocomplete=\"off\" \/><\/label><input type=\"hidden\" name=\"_mc4wp_timestamp\" value=\"1775600971\" \/><input type=\"hidden\" name=\"_mc4wp_form_id\" value=\"660\" \/><input type=\"hidden\" name=\"_mc4wp_form_element_id\" value=\"mc4wp-form-1\" \/><div class=\"mc4wp-response\"><\/div><\/form><!-- \/ Mailchimp for WordPress Plugin -->[\/vc_column_text][vc_empty_space alter_height=\"large\" hide_on_mobile=\"\" css=\".vc_custom_1486997989612{margin-top: -0.65rem !important;}\"][\/vc_column][\/vc_row]<\/div>[\/vc_column][\/vc_row]<\/p>\n","protected":false},"excerpt":{"rendered":"<p>[vc_row full_width=&#8221;stretch_row_content_no_spaces&#8221; equal_height=&#8221;yes&#8221;][vc_column][rev_slider_vc alias=&#8221;slider1&#8243;][\/vc_column][\/vc_row][vc_row full_width=&#8221;stretch_row&#8221; equal_height=&#8221;yes&#8221; css=&#8221;.vc_custom_1603269596059{background-image: url(http:\/\/flightspermit.com\/wp-content\/uploads\/2020\/10\/FutureofAirplanes.jpg?id=1395) !important;}&#8221;][vc_column width=&#8221;1\/6&#8243;][vc_empty_space height=&#8221;8px&#8221; alter_height=&#8221;superhuge&#8221; hide_on_mobile=&#8221;&#8221; css=&#8221;.vc_custom_1603228225339{margin-bottom: 0.2rem !important;}&#8221;][\/vc_column][vc_column width=&#8221;2\/3&#8243;][vc_empty_space height=&#8221;16px&#8221; alter_height=&#8221;superhuge&#8221; hide_on_mobile=&#8221;&#8221; css=&#8221;.vc_custom_1603228015616{margin-bottom: 0.2rem !important;}&#8221;][vc_column_text css_animation=&#8221;bounceIn&#8221;] Permis de survol et d&#8217;atterrissage Chaque pays a ses propres r\u00e8gles, r\u00e8glements et proc\u00e9dures d&#8217;octroi de permis aux a\u00e9ronefs souhaitant atterrir ou m\u00eame p\u00e9n\u00e9trer dans leur espace a\u00e9rien, les proc\u00e9dures de demande exigeant des informations de&hellip;<\/p>\n","protected":false},"author":1,"featured_media":0,"parent":0,"menu_order":0,"comment_status":"closed","ping_status":"closed","template":"","meta":[],"_links":{"self":[{"href":"https:\/\/flightspermits.com\/index.php\/wp-json\/wp\/v2\/pages\/2"}],"collection":[{"href":"https:\/\/flightspermits.com\/index.php\/wp-json\/wp\/v2\/pages"}],"about":[{"href":"https:\/\/flightspermits.com\/index.php\/wp-json\/wp\/v2\/types\/page"}],"author":[{"embeddable":true,"href":"https:\/\/flightspermits.com\/index.php\/wp-json\/wp\/v2\/users\/1"}],"replies":[{"embeddable":true,"href":"https:\/\/flightspermits.com\/index.php\/wp-json\/wp\/v2\/comments?post=2"}],"version-history":[{"count":16,"href":"https:\/\/flightspermits.com\/index.php\/wp-json\/wp\/v2\/pages\/2\/revisions"}],"predecessor-version":[{"id":1404,"href":"https:\/\/flightspermits.com\/index.php\/wp-json\/wp\/v2\/pages\/2\/revisions\/1404"}],"wp:attachment":[{"href":"https:\/\/flightspermits.com\/index.php\/wp-json\/wp\/v2\/media?parent=2"}],"curies":[{"name":"wp","href":"https:\/\/api.w.org\/{rel}","templated":true}]}}